{"id":2462,"date":"2022-06-21T02:12:59","date_gmt":"2022-06-21T02:12:59","guid":{"rendered":"https:\/\/keroumifitness.com\/?post_type=product&#038;p=2462"},"modified":"2023-01-28T23:09:53","modified_gmt":"2023-01-28T23:09:53","slug":"the-ripper","status":"publish","type":"product","link":"https:\/\/keroumifitness.ma\/Store\/product\/the-ripper\/","title":{"rendered":"The ripper"},"content":{"rendered":"<h2>Pr\u00e9sentation de produit :<\/h2>\n<p>The crurse est d\u00e9crit comme \u00e9tant lun des pr\u00e9-workout les plus puissants de la plan\u00e8te. Fabriqu\u00e9 par Cobra Labs aux \u00c9tats-Unis, il s&rsquo;agit d&rsquo;un m\u00e9lange ultra-concentr\u00e9 d&rsquo;ingr\u00e9dients puissants qui se d\u00e9sagr\u00e8gent mutuellement. Lib\u00e9rez votre v\u00e9ritable potentiel avec le pouvoir surnaturel de ce m\u00e9lange de stimulants synergiques hors commun .The Curse fournit une concentration mentale extr\u00eame, de l\u00e9nergie physique pure, de la force et de lendurance qui vous \u00e9blouiront. C&rsquo;est le pr\u00e9-entra\u00eenement ultime.<\/p>\n<h2>Utilisation :<\/h2>\n<p>M\u00e9langer 1-3 cuill\u00e8re avec 150-250 ml d&rsquo;eau et boire 30-45 minutes avant l&rsquo;entrainement.<\/p>\n<h2>Information nutritionnelle<\/h2>\n<p><img fetchpriority=\"high\" decoding=\"async\" src=\"https:\/\/www.prodietnutrition.ma\/img\/cms\/cobra-labs-the-curse_Facts.png\" alt=\"The curse 250g - Cobra Labs\" width=\"665\" height=\"435\" \/><\/p>\n<p><strong>Remarque:<\/strong>\u00a0Ce produit peut provoquer l&rsquo;agglom\u00e9ration de la poudre et devenir dure. Malheureusement, cela se produit avec divers produits de haute qualit\u00e9, en raison d&rsquo;un minimum d&rsquo;additifs tels que des agents anti-lissage et antiadh\u00e9sifs. Les morceaux durs ne sont pas un probl\u00e8me de qualit\u00e9 dans ce produit, mais bien la nature des ingr\u00e9dients. Par cons\u00e9quent, certains fabricants qui accordent une grande importance aux ingr\u00e9dients purs, en \u00e9vitant l&rsquo;ajout de substances chimiques telles que des agents anti-agglom\u00e9rants, parce que les grumeaux ou la masse solide ne signifient pas une r\u00e9duction de la qualit\u00e9 des ingr\u00e9dients. Il est pr\u00e9f\u00e9rable d&rsquo;utiliser un pilon pour r\u00e9tablir la forme de la poudre. Il est \u00e9galement utile de frapper et de secouer la bo\u00eete.<\/p>\n","protected":false},"excerpt":{"rendered":"<div class=\"product-reference\"><label class=\"label\">R\u00e9f\u00e9rence:<\/label>\u00a0COBRATHERIPER-W150<\/div>\n<div class=\"product-information\">\n<div id=\"product-description-short-89\">\n<h2>Points Forts :<\/h2>\n<p>\u2013 0 Sucre<\/p>\n<p>\u2013 45 mg Vitamine C<\/p>\n<p>\u2013 25 mg Vitamine B12<\/p>\n<\/div>\n<\/div>\n","protected":false},"featured_media":2454,"comment_status":"open","ping_status":"closed","template":"","meta":[],"product_brand":[],"product_cat":[62],"product_tag":[],"class_list":{"0":"post-2462","1":"product","2":"type-product","3":"status-publish","4":"has-post-thumbnail","6":"product_cat-proteines-produits","8":"first","9":"instock","10":"shipping-taxable","11":"purchasable","12":"product-type-simple"},"jetpack_sharing_enabled":true,"_links":{"self":[{"href":"https:\/\/keroumifitness.ma\/Store\/wp-json\/wp\/v2\/product\/2462","targetHints":{"allow":["GET"]}}],"collection":[{"href":"https:\/\/keroumifitness.ma\/Store\/wp-json\/wp\/v2\/product"}],"about":[{"href":"https:\/\/keroumifitness.ma\/Store\/wp-json\/wp\/v2\/types\/product"}],"replies":[{"embeddable":true,"href":"https:\/\/keroumifitness.ma\/Store\/wp-json\/wp\/v2\/comments?post=2462"}],"wp:featuredmedia":[{"embeddable":true,"href":"https:\/\/keroumifitness.ma\/Store\/wp-json\/wp\/v2\/media\/2454"}],"wp:attachment":[{"href":"https:\/\/keroumifitness.ma\/Store\/wp-json\/wp\/v2\/media?parent=2462"}],"wp:term":[{"taxonomy":"product_brand","embeddable":true,"href":"https:\/\/keroumifitness.ma\/Store\/wp-json\/wp\/v2\/product_brand?post=2462"},{"taxonomy":"product_cat","embeddable":true,"href":"https:\/\/keroumifitness.ma\/Store\/wp-json\/wp\/v2\/product_cat?post=2462"},{"taxonomy":"product_tag","embeddable":true,"href":"https:\/\/keroumifitness.ma\/Store\/wp-json\/wp\/v2\/product_tag?post=2462"}],"curies":[{"name":"wp","href":"https:\/\/api.w.org\/{rel}","templated":true}]}}