{"id":2553,"date":"2022-09-27T00:36:22","date_gmt":"2022-09-27T00:36:22","guid":{"rendered":"https:\/\/keroumifitness.com\/?post_type=product&#038;p=2553"},"modified":"2023-01-28T23:45:27","modified_gmt":"2023-01-28T23:45:27","slug":"glutamine-micronized-dymatize","status":"publish","type":"product","link":"https:\/\/keroumifitness.ma\/Store\/product\/glutamine-micronized-dymatize\/","title":{"rendered":"Dymatize Glutamine 300g"},"content":{"rendered":"<p>Les bodybuilders connaissent bien\u00a0<strong>Dymatize Nutrition<\/strong>\u00a0pour la large gamme de compl\u00e9ments alimentaires qu\u2019ils proposent. Les produits Dymatize reposent surtout sur la qualit\u00e9 et le go\u00fbt des prot\u00e9ines propos\u00e9es sans faire abstraction des cr\u00e9atines monohydrates et autres compl\u00e9ments sp\u00e9cifiques qui rencontrent un large succ\u00e8s. Les produits Elite Protein sont r\u00e9put\u00e9s parmi les gourmets car Dymatize Nutrition nous offre des prot\u00e9ines savoureuses et nourrissantes.\u00a0<strong>Iso 100, Elite Whey<\/strong>\u00a0ou le Super Mass Gainer font partie des prot\u00e9ines de petit-lait les plus exceptionnelles du march\u00e9.<\/p>\n<p>Dymatize Nutrition a mis en place une ligne compl\u00e8te de compl\u00e9ments sp\u00e9cifiques destin\u00e9s \u00e0 la nutrition des athl\u00e8tes du bodybuilding et du fitness. Des\u00a0<strong>BCAA, ou\u00a0Cr\u00e9atine\u00a0micronis\u00e9e, Z Force ou\u00a0L-Carnitine<\/strong>\u00a0fournissent les nutriments indispensables aux bodybuilders de haut niveau et aux amateurs de musculation. Des compl\u00e9ments destin\u00e9s au maintient de la forme et la construction de physiques d\u2019athl\u00e8tes.<\/p>\n<h4><strong>GLUTAMINE MICRONIZED 500G<\/strong><\/h4>\n<p>La glutamine\u00a0est l\u2019acide amin\u00e9 le plus abondant dans l\u2019organisme. En r\u00e9alit\u00e9,\u00a060% des acides amin\u00e9s\u00a0pr\u00e9sents dans les muscles sont repr\u00e9sent\u00e9s par de la glutamine, d\u2019o\u00f9 son importance.<\/p>\n<p>Dans des situations de stress, par exemple pendant et apr\u00e8s une s\u00e9ance d\u2019entra\u00eenement intense, les besoins de l\u2019organisme en glutamine sont tels qu\u2019il n\u2019est plus capable d\u2019en synth\u00e9tiser suffisamment, ce qui en fait un acide amin\u00e9 conditionnellement essentiel. Outre les muscles, le syst\u00e8me digestif et le syst\u00e8me immunitaire utilisent de grande quantit\u00e9 de\u00a0glutamine\u00a0\u00e0 des\u00a0fins \u00e9nerg\u00e9tiques\u00a0ainsi que pour produire des nucl\u00e9otides.<\/p>\n<p>La Glutamine favorise la s\u00e9cr\u00e9ttion d\u2019hormone de croissance, l\u2019augmentation du volume cellulaire, l\u2019optimisation de la synth\u00e8se du glycog\u00e8ne et du confort digestif. Elle aide aussi \u00e0 diminuer la fatigue musculaire et renforce le syst\u00e8me immunitaire.\u00a0Une suppl\u00e9mentation en glutamine permet de pr\u00e9server le taux de glutamine et d\u2019optimiser le volume cellulaire: vous deviendrez plus gros et plus fort \u00e0 chaque s\u00e9ance!<\/p>\n<h4>COMPOSITION NUTRITIONELLE<\/h4>\n<p>100% de Glutamine Micronis\u00e9e ultra pure.<\/p>\n<h4>CONSEILS D\u2019UTILISATION<\/h4>\n<p>M\u00e9langer 5 g de Glutamine avec de l\u2019eau ou la boisson de votre choix \u00e0 consommer autour de votre entra\u00eenement.<\/p>\n","protected":false},"excerpt":{"rendered":"<div class=\"woocommerce-product-details__short-description\">\n<p><strong>Glutamine Micronis\u00e9e Ultra Pure<\/strong><br \/>\n<strong>Suppl\u00e9ment id\u00e9al pour am\u00e9liorer vos performances et votre r\u00e9cup\u00e9ration<\/strong><\/p>\n<\/div>\n<p class=\"stock out-of-stock\">\n","protected":false},"featured_media":3172,"comment_status":"open","ping_status":"closed","template":"","meta":[],"product_brand":[],"product_cat":[63,62],"product_tag":[66],"class_list":{"0":"post-2553","1":"product","2":"type-product","3":"status-publish","4":"has-post-thumbnail","6":"product_cat-glutamine","7":"product_cat-proteines-produits","8":"product_tag-glutamine","10":"first","11":"instock","12":"sale","13":"shipping-taxable","14":"purchasable","15":"product-type-simple"},"jetpack_sharing_enabled":true,"_links":{"self":[{"href":"https:\/\/keroumifitness.ma\/Store\/wp-json\/wp\/v2\/product\/2553","targetHints":{"allow":["GET"]}}],"collection":[{"href":"https:\/\/keroumifitness.ma\/Store\/wp-json\/wp\/v2\/product"}],"about":[{"href":"https:\/\/keroumifitness.ma\/Store\/wp-json\/wp\/v2\/types\/product"}],"replies":[{"embeddable":true,"href":"https:\/\/keroumifitness.ma\/Store\/wp-json\/wp\/v2\/comments?post=2553"}],"wp:featuredmedia":[{"embeddable":true,"href":"https:\/\/keroumifitness.ma\/Store\/wp-json\/wp\/v2\/media\/3172"}],"wp:attachment":[{"href":"https:\/\/keroumifitness.ma\/Store\/wp-json\/wp\/v2\/media?parent=2553"}],"wp:term":[{"taxonomy":"product_brand","embeddable":true,"href":"https:\/\/keroumifitness.ma\/Store\/wp-json\/wp\/v2\/product_brand?post=2553"},{"taxonomy":"product_cat","embeddable":true,"href":"https:\/\/keroumifitness.ma\/Store\/wp-json\/wp\/v2\/product_cat?post=2553"},{"taxonomy":"product_tag","embeddable":true,"href":"https:\/\/keroumifitness.ma\/Store\/wp-json\/wp\/v2\/product_tag?post=2553"}],"curies":[{"name":"wp","href":"https:\/\/api.w.org\/{rel}","templated":true}]}}