{"id":2555,"date":"2022-09-27T00:38:05","date_gmt":"2022-09-27T00:38:05","guid":{"rendered":"https:\/\/keroumifitness.com\/?post_type=product&#038;p=2555"},"modified":"2023-01-28T23:14:36","modified_gmt":"2023-01-28T23:14:36","slug":"iso-pro-zero-protein","status":"publish","type":"product","link":"https:\/\/keroumifitness.ma\/Store\/product\/iso-pro-zero-protein\/","title":{"rendered":"Iso Pro Zero Protein"},"content":{"rendered":"<p>Iso Pro Zero Protein 2.2 kg Superior 14<br \/>\nCette prot\u00e9ine de haute valeur est id\u00e9ale pour ceux qui cherchent \u00e0 augmenter la masse musculaire maigre et \u00e0 d\u00e9velopper le tissu musculaire maigre.<br \/>\nL\u2019isolat subit un traitement suppl\u00e9mentaire connu sous le nom de micro-filtration \u00e0 flux crois\u00e9s pour fournir une prot\u00e9ine plus pure que le concentr\u00e9 de lactos\u00e9rum. Cela s\u00e9pare la prot\u00e9ine des graisses, du cholest\u00e9rol et du lactose, ce qui signifie qu\u2019elle peut aider \u00e0 maintenir de faibles niveaux de graisse corporelle tout en aidant simultan\u00e9ment \u00e0 la construction de la masse musculaire maigre.<br \/>\nFournit 26 g de prot\u00e9ines et moins de 1 g de glucides par portion ! Sans gluten.<br \/>\nCOMPOSITION NUTRITIONELLE<br \/>\nIso Pro Zero 2.2kg<br \/>\nSuperior 14<br \/>\nTaille du Service 1 Scoop<br \/>\nApport pour une dose de 30 g<br \/>\nCalories 114 Kcal<br \/>\nLipides 0.7 g<br \/>\nGlucides 0.6 g<br \/>\ndont Sucre 0.09 g<br \/>\nProt\u00e9ines 26 g<br \/>\nCONSEILS D\u2019UTILISATION<br \/>\nPrendre 1 Scoop avec 250 ml d\u2019eau avant ou apr\u00e8s votre entra\u00eenement (selon vos besoins).<br \/>\nSUPERIOR 14<br \/>\nLes sportifs en Europe connaissent bien Superior 14 pour la large gamme de compl\u00e9ments alimentaires qu\u2019ils proposent: une ligne compl\u00e8te de compl\u00e9ments sp\u00e9cifiques destin\u00e9s \u00e0 la nutrition des athl\u00e8tes du bodybuilding et du fitness. Surtout connue pour l\u2019ISO Pro Zero, ils ont aussi le meilleur des acides amin\u00e9s, BCAA et tout compl\u00e9ment destin\u00e9s au maintient de la forme et la construction de physiques d\u2019athl\u00e8tes. Ils sont \u00e9galement sponsor de grands athl\u00e8tes comme Shawn Rhoden Mr Olympia 2018.<\/p>\n","protected":false},"excerpt":{"rendered":"<div class=\"woocommerce-product-details__short-description\">\n<p>Lipides 0.7 g<br \/>\nGlucides 0.6 g<br \/>\ndont Sucre 0.09 g<br \/>\nProt\u00e9ines 26 g<\/p>\n<\/div>\n<form class=\"cart\" action=\"https:\/\/dietechfitness.com\/magasin\/hydrowhey\/iso-pro-zero-superior14-2200gr\/\" enctype=\"multipart\/form-data\" method=\"post\">\n<div class=\"quantity\"><\/div>\n<\/form>\n","protected":false},"featured_media":2556,"comment_status":"open","ping_status":"closed","template":"","meta":[],"product_brand":[],"product_cat":[62],"product_tag":[],"class_list":{"0":"post-2555","1":"product","2":"type-product","3":"status-publish","4":"has-post-thumbnail","6":"product_cat-proteines-produits","8":"first","9":"instock","10":"shipping-taxable","11":"purchasable","12":"product-type-simple"},"jetpack_sharing_enabled":true,"_links":{"self":[{"href":"https:\/\/keroumifitness.ma\/Store\/wp-json\/wp\/v2\/product\/2555","targetHints":{"allow":["GET"]}}],"collection":[{"href":"https:\/\/keroumifitness.ma\/Store\/wp-json\/wp\/v2\/product"}],"about":[{"href":"https:\/\/keroumifitness.ma\/Store\/wp-json\/wp\/v2\/types\/product"}],"replies":[{"embeddable":true,"href":"https:\/\/keroumifitness.ma\/Store\/wp-json\/wp\/v2\/comments?post=2555"}],"wp:featuredmedia":[{"embeddable":true,"href":"https:\/\/keroumifitness.ma\/Store\/wp-json\/wp\/v2\/media\/2556"}],"wp:attachment":[{"href":"https:\/\/keroumifitness.ma\/Store\/wp-json\/wp\/v2\/media?parent=2555"}],"wp:term":[{"taxonomy":"product_brand","embeddable":true,"href":"https:\/\/keroumifitness.ma\/Store\/wp-json\/wp\/v2\/product_brand?post=2555"},{"taxonomy":"product_cat","embeddable":true,"href":"https:\/\/keroumifitness.ma\/Store\/wp-json\/wp\/v2\/product_cat?post=2555"},{"taxonomy":"product_tag","embeddable":true,"href":"https:\/\/keroumifitness.ma\/Store\/wp-json\/wp\/v2\/product_tag?post=2555"}],"curies":[{"name":"wp","href":"https:\/\/api.w.org\/{rel}","templated":true}]}}