{"id":2609,"date":"2022-09-29T04:35:57","date_gmt":"2022-09-29T04:35:57","guid":{"rendered":"https:\/\/keroumifitness.com\/?post_type=product&#038;p=2609"},"modified":"2023-11-24T15:21:55","modified_gmt":"2023-11-24T15:21:55","slug":"iso-surge-mutant-2-27kg","status":"publish","type":"product","link":"https:\/\/keroumifitness.ma\/Store\/product\/iso-surge-mutant-2-27kg\/","title":{"rendered":"Iso Surge Mutant \u2013 2.27kg"},"content":{"rendered":"<ul>\n<li><strong>Prot\u00e9ine facile \u00e0 dig\u00e9rer, sans lactose, tr\u00e8s pauvres en lipides et sucres<\/strong><\/li>\n<li><strong>Apport rapide d\u2019acides amin\u00e9s aux muscles (BCAA 5,5 g et l-Glutamine 4,6 g par dose)<\/strong><\/li>\n<li><strong>Id\u00e9al en p\u00e9riode de s\u00e8che<\/strong><\/li>\n<\/ul>\n","protected":false},"excerpt":{"rendered":"<ul>\n<li><strong>Prot\u00e9ine facile \u00e0 dig\u00e9rer, sans lactose, tr\u00e8s pauvres en lipides et sucres<\/strong><\/li>\n<li><strong>Apport rapide d\u2019acides amin\u00e9s aux muscles (BCAA 5,5 g et l-Glutamine 4,6 g par dose)<\/strong><\/li>\n<li><strong>Id\u00e9al en p\u00e9riode de s\u00e8che<\/strong><\/li>\n<\/ul>\n","protected":false},"featured_media":2610,"comment_status":"open","ping_status":"closed","template":"","meta":[],"product_brand":[],"product_cat":[62],"product_tag":[],"class_list":{"0":"post-2609","1":"product","2":"type-product","3":"status-publish","4":"has-post-thumbnail","6":"product_cat-proteines-produits","8":"first","9":"instock","10":"sale","11":"shipping-taxable","12":"purchasable","13":"product-type-simple"},"jetpack_sharing_enabled":true,"_links":{"self":[{"href":"https:\/\/keroumifitness.ma\/Store\/wp-json\/wp\/v2\/product\/2609","targetHints":{"allow":["GET"]}}],"collection":[{"href":"https:\/\/keroumifitness.ma\/Store\/wp-json\/wp\/v2\/product"}],"about":[{"href":"https:\/\/keroumifitness.ma\/Store\/wp-json\/wp\/v2\/types\/product"}],"replies":[{"embeddable":true,"href":"https:\/\/keroumifitness.ma\/Store\/wp-json\/wp\/v2\/comments?post=2609"}],"wp:featuredmedia":[{"embeddable":true,"href":"https:\/\/keroumifitness.ma\/Store\/wp-json\/wp\/v2\/media\/2610"}],"wp:attachment":[{"href":"https:\/\/keroumifitness.ma\/Store\/wp-json\/wp\/v2\/media?parent=2609"}],"wp:term":[{"taxonomy":"product_brand","embeddable":true,"href":"https:\/\/keroumifitness.ma\/Store\/wp-json\/wp\/v2\/product_brand?post=2609"},{"taxonomy":"product_cat","embeddable":true,"href":"https:\/\/keroumifitness.ma\/Store\/wp-json\/wp\/v2\/product_cat?post=2609"},{"taxonomy":"product_tag","embeddable":true,"href":"https:\/\/keroumifitness.ma\/Store\/wp-json\/wp\/v2\/product_tag?post=2609"}],"curies":[{"name":"wp","href":"https:\/\/api.w.org\/{rel}","templated":true}]}}