{"id":2631,"date":"2022-09-29T05:19:24","date_gmt":"2022-09-29T05:19:24","guid":{"rendered":"https:\/\/keroumifitness.com\/?post_type=product&#038;p=2631"},"modified":"2023-11-09T18:06:16","modified_gmt":"2023-11-09T18:06:16","slug":"amino-chewable-tablet-a-macher-350-tab-superior-14","status":"publish","type":"product","link":"https:\/\/keroumifitness.ma\/Store\/product\/amino-chewable-tablet-a-macher-350-tab-superior-14\/","title":{"rendered":"Amino Chewable Tablet \u00e0 macher 350 tab Superior 14"},"content":{"rendered":"<h6 class=\"no-border\">D\u00e9tails du produit<\/h6>\n<div class=\"col-12 px-0 pb-2 dv_details_pr\">\n<table class=\"details_pr\">\n<tbody>\n<tr class=\"product-weight-row\">\n<td>Poids du produit<\/td>\n<td>0.6410 Kg<\/td>\n<\/tr>\n<tr class=\"product-capsules_n_tablets-row\">\n<td>Capsules &amp; Tablettes<\/td>\n<td>350 Tab<\/td>\n<\/tr>\n<tr class=\"product-sku\">\n<td>R\u00e9f*<\/td>\n<td>aminochewable350tabssuperior14<\/td>\n<\/tr>\n<tr class=\"product-expiry-date-row\">\n<td>Expire le<\/td>\n<td>Veuillez choisir une saveur<\/td>\n<\/tr>\n<tr>\n<td>Pays de fabrication<\/td>\n<td>Chypre<\/td>\n<\/tr>\n<tr>\n<td>Retours et \u00e9changes<\/td>\n<td><img decoding=\"async\" src=\"https:\/\/www.goprot.com\/skin\/frontend\/smartwave\/shipplo\/images\/products\/returnable.svg\" alt=\"Article retournable\" \/>\u00a0\u00a0<em>Article retournable<\/em><\/td>\n<\/tr>\n<\/tbody>\n<\/table>\n<\/div>\n<h6 class=\"no-border\">Valeur nutritionnelle<\/h6>\n<div class=\"col-12 px-0 py-2 dv_details_pr\">\n<table class=\"details_pr\">\n<tbody>\n<tr class=\"servings\">\n<td class=\"nutri_pop_ups\">Portions<\/td>\n<td>116<\/td>\n<\/tr>\n<tr class=\"calories\">\n<td class=\"nutri_pop_ups\">Valeur \u00e9nerg\u00e9tique en calories<\/td>\n<td>17<\/td>\n<\/tr>\n<tr class=\"total_fat\">\n<td>Totale graisse\/Lipides<\/td>\n<td>0.03<\/td>\n<\/tr>\n<tr class=\"total_carbohydrates\">\n<td>Total glucides<\/td>\n<td>1.32<\/td>\n<\/tr>\n<tr class=\"total_sugar\">\n<td class=\"nutri_pop_ups\">Sucres<\/td>\n<td>0.03<\/td>\n<\/tr>\n<tr class=\"protein\">\n<td class=\"nutri_pop_ups\">Prot\u00e9ine<\/td>\n<td>3.12<\/p>\n<div class=\"col-12 px-0 pb-2 dv_details_pr\">\n<h2>Amino Chewable Tablet \u00e0 macher 350 tab Superior 14<\/h2>\n<p>M\u00e2chez vos acides amin\u00e9s pour un tissu musculaire maigre durable avec les comprim\u00e9s \u00e0 croquer d\u2019Amino Superior 14. 5 comprim\u00e9s ne contiennent que 26 calories et peuvent \u00eatre consomm\u00e9s \u00e0 tout moment de la journ\u00e9e pour d\u00e9livrer des aminos et des BCAA qui vont directement au muscle.<\/p>\n<p>Avec de l\u2019isolat de prot\u00e9ine de lactos\u00e9rum de haute qualit\u00e9 pour favoriser la croissance musculaire et la r\u00e9cup\u00e9ration, ces savoureux comprim\u00e9s peuvent aider \u00e0 compl\u00e9ter une alimentation bien \u00e9quilibr\u00e9e et un r\u00e9gime d\u2019entra\u00eenement coh\u00e9rent.<\/p>\n<h2>COMPOSITION NUTRITIONELLE<\/h2>\n<table border=\"0\">\n<tbody>\n<tr>\n<td colspan=\"2\"><strong>Amino\u00a0\u00a0350 chewable Tabs<br \/>\nSuperior 14<\/strong><\/td>\n<\/tr>\n<tr>\n<td><strong>Taille du Service<\/strong><\/td>\n<td><strong>5 Tabs<\/strong><\/td>\n<\/tr>\n<tr>\n<td><strong>Calories<\/strong><\/td>\n<td><strong>26 Kcal<\/strong><\/td>\n<\/tr>\n<tr>\n<td><strong>Lipides<\/strong><\/td>\n<td><strong>0 g<\/strong><\/td>\n<\/tr>\n<tr>\n<td><strong>Glucides<\/strong><\/td>\n<td><strong>2.65 g<\/strong><\/td>\n<\/tr>\n<tr>\n<td><strong>dont Sucre<\/strong><\/td>\n<td><strong>0.05 g<\/strong><\/td>\n<\/tr>\n<tr>\n<td><strong>Polyols<\/strong><\/td>\n<td><strong>1.9 g<\/strong><\/td>\n<\/tr>\n<tr>\n<td><strong>Prot\u00e9ines<\/strong><\/td>\n<td><strong>4.55 g<\/strong><\/td>\n<\/tr>\n<\/tbody>\n<\/table>\n<p>&nbsp;<\/p>\n<h2><strong>CONSEILS D\u2019UTILISATION<\/strong><\/h2>\n<p>Prendre\u00a05 tabs par jour.\u00a0Comme compl\u00e9ment alimentaire, entre les repas quand vous avez un creux ou apr\u00e8s l\u2019entra\u00eenement.<\/p>\n<h2>SUPERIOR 14<\/h2>\n<p>Les sportifs en Europe connaissent bien\u00a0<strong>Superior 14\u00a0<\/strong>\u00a0pour la large gamme de compl\u00e9ments alimentaires qu\u2019ils proposent:\u00a0une ligne compl\u00e8te de compl\u00e9ments sp\u00e9cifiques destin\u00e9s \u00e0 la nutrition des athl\u00e8tes du bodybuilding et du fitness. Surtout connue pour l\u2019<strong>ISO Pro Zero<\/strong>, ils ont aussi le meilleur des\u00a0<strong>acides amin\u00e9s,<\/strong>\u00a0<strong>BCAA<\/strong>\u00a0et tout\u00a0compl\u00e9ment destin\u00e9s au maintient de la forme et la construction de physiques d\u2019athl\u00e8tes. Ils sont \u00e9galement sponsor de grands athl\u00e8tes comme\u00a0Shawn Rhoden Mr Olympia 2018.<\/p>\n<\/div>\n<\/td>\n<\/tr>\n<\/tbody>\n<\/table>\n<\/div>\n","protected":false},"excerpt":{"rendered":"<p>Formule d\u2019acides amin\u00e9s en tablettes \u00e0 macher<\/p>\n","protected":false},"featured_media":2632,"comment_status":"open","ping_status":"closed","template":"","meta":[],"product_brand":[],"product_cat":[62],"product_tag":[],"class_list":{"0":"post-2631","1":"product","2":"type-product","3":"status-publish","4":"has-post-thumbnail","6":"product_cat-proteines-produits","8":"first","9":"outofstock","10":"shipping-taxable","11":"purchasable","12":"product-type-simple"},"jetpack_sharing_enabled":true,"_links":{"self":[{"href":"https:\/\/keroumifitness.ma\/Store\/wp-json\/wp\/v2\/product\/2631","targetHints":{"allow":["GET"]}}],"collection":[{"href":"https:\/\/keroumifitness.ma\/Store\/wp-json\/wp\/v2\/product"}],"about":[{"href":"https:\/\/keroumifitness.ma\/Store\/wp-json\/wp\/v2\/types\/product"}],"replies":[{"embeddable":true,"href":"https:\/\/keroumifitness.ma\/Store\/wp-json\/wp\/v2\/comments?post=2631"}],"wp:featuredmedia":[{"embeddable":true,"href":"https:\/\/keroumifitness.ma\/Store\/wp-json\/wp\/v2\/media\/2632"}],"wp:attachment":[{"href":"https:\/\/keroumifitness.ma\/Store\/wp-json\/wp\/v2\/media?parent=2631"}],"wp:term":[{"taxonomy":"product_brand","embeddable":true,"href":"https:\/\/keroumifitness.ma\/Store\/wp-json\/wp\/v2\/product_brand?post=2631"},{"taxonomy":"product_cat","embeddable":true,"href":"https:\/\/keroumifitness.ma\/Store\/wp-json\/wp\/v2\/product_cat?post=2631"},{"taxonomy":"product_tag","embeddable":true,"href":"https:\/\/keroumifitness.ma\/Store\/wp-json\/wp\/v2\/product_tag?post=2631"}],"curies":[{"name":"wp","href":"https:\/\/api.w.org\/{rel}","templated":true}]}}