{"id":2649,"date":"2022-09-29T05:50:35","date_gmt":"2022-09-29T05:50:35","guid":{"rendered":"https:\/\/keroumifitness.com\/?post_type=product&#038;p=2649"},"modified":"2023-01-24T01:43:23","modified_gmt":"2023-01-24T01:43:23","slug":"gh-max-180-tablets-universal","status":"publish","type":"product","link":"https:\/\/keroumifitness.ma\/Store\/product\/gh-max-180-tablets-universal\/","title":{"rendered":"GH MAX 180 tablets Universal"},"content":{"rendered":"<div id=\"sns_tab_informations\" class=\"product-collateral clearfix\">\n<div class=\"tab-content\">\n<div id=\"tab-description\" class=\"tab-pane fade active in\">\n<h6 class=\"h_details_pr no-border\">D\u00e9tails du produit\u00a0<i class=\"fa fa-angle-down\" aria-hidden=\"true\"><\/i><\/h6>\n<div class=\"col-12 px-4 pb-2 dv_details_pr\">\n<table class=\"details_pr\">\n<tbody>\n<tr class=\"product-weight-row\">\n<td>Poids du produit<\/td>\n<td>0.4400 Kg<\/td>\n<\/tr>\n<tr>\n<td>Marque<\/td>\n<td>Universal<\/td>\n<\/tr>\n<tr class=\"product-sku\">\n<td>R\u00e9f*<\/td>\n<td>039442014320<\/td>\n<\/tr>\n<tr class=\"product-expiry-date-row\">\n<td>Expire le<\/td>\n<td>28 ao\u00fbt 2023<\/td>\n<\/tr>\n<tr>\n<td>Retours et \u00e9changes<\/td>\n<td><img decoding=\"async\" src=\"https:\/\/www.goprot.com\/skin\/frontend\/smartwave\/shipplo\/images\/products\/returnable.svg\" alt=\"Article retournable\" \/>\u00a0\u00a0<em>Article retournable<\/em><\/td>\n<\/tr>\n<\/tbody>\n<\/table>\n<\/div>\n<div class=\"col-12 px-4 py-2\">\n<div class=\"product-attribute\">\n<h1>Ce produit vous aidera si votre objectif est<\/h1>\n<ul>\n<li>\u00c9nergie et force<\/li>\n<li>Gagner de la masse musculaire<\/li>\n<li>Stimuler votre m\u00e9tabolisme<\/li>\n<\/ul>\n<\/div>\n<\/div>\n<div class=\"col-12 px-4 py-2\">\n<div class=\"product-attribute\">\n<h1>Objectif Sant\u00e9<\/h1>\n<ul>\n<li>Accro\u00eetre la vigueur sexuelle<\/li>\n<li>Anti-stress<\/li>\n<li>Concentration et sant\u00e9 du cerveau<\/li>\n<li>Soutien du sommeil<\/li>\n<\/ul>\n<\/div>\n<\/div>\n<div class=\"col-12 px-4 py-2\">\n<div class=\"product-attribute\">\n<h1>Convient pour<\/h1>\n<ul>\n<li>Femme<\/li>\n<li>Homme<\/li>\n<\/ul>\n<\/div>\n<\/div>\n<div class=\"col-12 px-4 py-2\">\n<div class=\"product-attribute\">\n<h1>Cat\u00e9gorie du produit<\/h1>\n<ul>\n<li>Sport &amp; Fitness<\/li>\n<li>Course et marche<\/li>\n<\/ul>\n<\/div>\n<\/div>\n<div class=\"col-12 px-4 py-2\">\n<div class=\"product-attribute\">\n<h1>Utilisation sugg\u00e9r\u00e9e<\/h1>\n<ul>\n<li>Avant l\u2019entra\u00eenement<\/li>\n<li>Apr\u00e8s l\u2019entrainement<\/li>\n<li>Avant d\u2019aller se coucher<\/li>\n<\/ul>\n<\/div>\n<\/div>\n<h6 class=\"h_details_pr no-border\">Description\u00a0<i class=\"fa fa-angle-down\" aria-hidden=\"true\"><\/i><\/h6>\n<div class=\"col-12 px-4 pb-2 dv_details_pr\">\n<h1><strong>GH MAX\u00a0<\/strong><\/h1>\n<p><strong>GH Max<\/strong>\u00a0Universal Nutrition a \u00e9t\u00e9 cr\u00e9\u00e9 pour stimuler la production naturelle d\u2019hormone de croissance, laquelle est hautement anabolique et responsable des gains de musculature et du br\u00fblage de graisses. Si vous \u00eates un habitu\u00e9 des salles de sport, cherchant \u00e0 d\u00e9velopper vos muscles ou si vous trouvez que votre r\u00e9cup\u00e9ration est trop lente,\u00a0<strong>GH Max<\/strong>\u00a0est fait pour vous\u00a0! Universal Nutrition a soigneusement con\u00e7u la formule \u00e0 base d\u2019Arginine \/ Ornithine de\u00a0<strong>GH Max<\/strong>\u00a0avec un ratio de 2\u00a0: 1 pr\u00e9vue pour am\u00e9liorer la production d\u2019hormone de croissance, le d\u00e9veloppement musculaire et la p\u00e9riode de r\u00e9cup\u00e9ration.<\/p>\n<p>Avec des ingr\u00e9dients de base tels que la vitamine C et B6, jusqu\u2019aux ingr\u00e9dients avanc\u00e9s tels que l\u2019oryzanol et le boron, la formule\u00a0<strong>GH Max<\/strong>\u00a0va booster votre croissance musculaire de mani\u00e8re stable et r\u00e9guli\u00e8re. Il s\u2019agit d\u2019une formule contenant des vitamines, des st\u00e9rols de plantes et une pl\u00e9thore d\u2019autres ingr\u00e9dients qui visent \u00e0 aider votre corps \u00e0 acc\u00e9l\u00e9rer la croissance musculaire et lutter contre la d\u00e9gradation des tissus musculaires pendant les p\u00e9riodes de stress. Cette formule compl\u00e8te s\u2019assure que votre corps poss\u00e8de tout ce dont il a besoin pour se d\u00e9velopper avec des r\u00e9sultats optimaux.<\/p>\n<p>Universal\u00a0<strong>GH Max<\/strong>\u00a0est un compl\u00e9ment parfait pour les habitu\u00e9s de salle de gym qui veulent stimuler leur production naturelle d\u2019hormone de croissance pendant leur sommeil, r\u00e9cup\u00e9rer plus rapidement et d\u00e9velopper du muscle plus facilement.<\/p>\n<p>Une des plus puissante hormone des temps actuels, GH ou la somatotrophine, est une hormone peptidique.\u00a0Dans ses effets anabolisants \u2013 anti-cataboliques sont inclus une augmentation d\u2019une r\u00e9tention de nitrog\u00e8ne, une augmentation de la synth\u00e8se de prot\u00e9ine, et une diminution d\u2019une prot\u00e9ine catabolisme. GH peut aussi promouvoir \u00e0 travers de la lipolyse une perte de graisse, ceci en faisant un triage de production d\u2019\u00e9nergie \u00e0 l\u2019utilisation des graisses. GH MAX vous aide \u00e0 utiliser un maximum de GH laquelle s\u00e9lectionne un groupe de GH secr\u00e9ta gogues, vitamines, st\u00e9rols et autres nutriments. Seul le GH MAX contient la pharmacologie 2 : 1 ratio de arginine \u2013 Ornithine. Le pr\u00e9curseur d\u2019hormone de croissance GH MAX d\u2019Universal Nutrition est cens\u00e9 vous Aider \u00e0 Maintenir les Niveaux Normaux de l\u2019Hormone de Croissance et Renforcer les taux naturels de l\u2019Hormone de Croissance. Pour faire simple le GH MAX vous aidera \u00e0 prendre plus rapidement de la mass maigre et avoir des cessations exceptionnelles lors de vos s\u00e9ances d\u2019entrainement, il vous aidera aussi \u00e0 perdre de la graisse plus rapidement. Vous le trouverez en boite de 180 g\u00e9lules.<\/p>\n<h2><strong>COMPOSITION NUTRITIONELLE<\/strong><\/h2>\n<table>\n<tbody>\n<tr>\n<th colspan=\"2\">Ingr\u00e9dients<\/th>\n<\/tr>\n<tr>\n<td>Dosage<\/td>\n<td>6 comprim\u00e9s<\/td>\n<\/tr>\n<tr>\n<td>Doses par boite<\/td>\n<td>30<\/td>\n<\/tr>\n<tr>\n<th colspan=\"2\">Apport par dose<\/th>\n<\/tr>\n<tr>\n<td>Vitamine C (Acide ascorbique)<\/td>\n<td>100 mg<\/td>\n<\/tr>\n<tr>\n<td>Vitamine B6 (Pyridoxine Hcl)<\/td>\n<td>20 mg<\/td>\n<\/tr>\n<tr>\n<td>Arginine (Arginine Alpha k\u00e9toglutarate)<\/td>\n<td>5 g<\/td>\n<\/tr>\n<tr>\n<td>Ornithine (L-Ornithine alpha-ketoglutarate)<\/td>\n<td>2.5 g<\/td>\n<\/tr>\n<tr>\n<td>Beta-Sitosterol<\/td>\n<td>100mg<\/td>\n<\/tr>\n<tr>\n<td>L-Carnitine fumarate<\/td>\n<td>100 mg<\/td>\n<\/tr>\n<tr>\n<td>Gamma Oryzanol (fibres de riz)<\/td>\n<td>50 mg<\/td>\n<\/tr>\n<\/tbody>\n<\/table>\n<p>&nbsp;<\/p>\n<p><strong>Vitamine C 100mg,<\/strong>\u00a0action antifatigue, antioxydant,\u00a0 joue un r\u00f4le sur la restauration des tissus par le collag\u00e8ne, joue un r\u00f4le dans la fabrication des globules rouge<\/p>\n<p><strong>Vitamine B6 20mg<\/strong>, influe sur la synth\u00e8se des prot\u00e9ines, acides amin\u00e9s, des hormones, sur le m\u00e9tabolisme des acides gras, la croissance<\/p>\n<p><strong>L-Arginine AKG 5g<\/strong>, est un acide amin\u00e9 qui permet la production de NO (oxyde nitrique) qui provoque une vasodilatation des vaisseaux sanguins. Certaines \u00e9tudes indiquent que l\u2019arginine augmenterait la production de l\u2019hormone de croissance et la perte des graisses. D\u2019autres \u00e9tudes d\u00e9montrent qu\u2019au contraire, prendre de l\u2019arginine avant l\u2019entrainement n\u2019augmentera pas l\u2019hormone croissance. La dose recommand\u00e9e est de 3 \u00e0 10g par jour.<\/p>\n<p><strong>L-Ornithine 2.5g,<\/strong>\u00a0est un acide amin\u00e9 qui joue un r\u00f4le de d\u00e9toxication du foie. Elle est synth\u00e9tis\u00e9e par l\u2019arginine. Elle encourage la lib\u00e9ration d\u2019\u00e9l\u00e9ments de croissance et est utilis\u00e9 pour r\u00e9parer et construire de nouveaux tissus. Associ\u00e9e \u00e0 l\u2019Arginine, elles stimulent la distribution hormonale et la production d\u2019insuline,\u00a0 am\u00e9liorent la r\u00e9g\u00e9n\u00e9ration de l\u2019organisme et augmentent la vitalit\u00e9.<\/p>\n<p><strong>Beta Sitosterol 100mg,<\/strong>\u00a0Un phytost\u00e9role qui augmentera la production de la testost\u00e9rone.<\/p>\n<p><strong>Carnitine 100mg<\/strong>, contribue au m\u00e9tabolisme \u00e9nerg\u00e9tique et au transport des graisses dans les muscles. Les dosages utilis\u00e9s par la plupart des \u00e9tudes sont de l\u2019ordre de 1 \u00e0 2 grammes par jour, qu\u2019il est conseill\u00e9 de r\u00e9partir en plusieurs prises. Peut avoir des effets hypoglyc\u00e9miants. Les donn\u00e9es \u00e9tant encore controvers\u00e9es sur l\u2019efficacit\u00e9 de la carnitine, il n\u2019est pas possible de conseiller d\u2019autres dosages que ceux des \u00e9tudes.<\/p>\n<p>Gamma oryzanol (\u00e0 partir de son de riz) 50mg, d\u00e9riv\u00e9 de l\u2019huile de son de riz, le gamma orizanol augmenterait les niveaux de testost\u00e9rone, d\u2019hormone de croissance<\/p>\n<p><strong>Bore 4mg<\/strong>, d\u2019apr\u00e8s certaines \u00e9tudes le bore augmenterait les niveaux de testost\u00e9rone.<\/p>\n<h2><strong>CONSEILS D\u2019UTILISATION<\/strong><\/h2>\n<p>Prendre 4 g\u00e9lules avant l\u2019entrainement et 2 g\u00e9lules juste apr\u00e8s l\u2019entrainement pour\u00a0<strong>les jours d\u2019entrainement<\/strong><strong>.<\/strong><br \/>\nPour le\u00a0<strong>jours de repos<\/strong>, prendre 2 g\u00e9lules matin, midi et au coucher.<\/p>\n<h2>UNIVERSAL NUTRITION USA<\/h2>\n<p>Depuis 1977,\u00a0<strong>Universal Nutrition<\/strong>\u00a0se pr\u00e9sente comme une marque \u00e0 part, \u00e0 la pointe de l\u2019innovation technologique et nutritionnelle. Universal a\u00a0<strong>marqu\u00e9 l\u2019histoire de l\u2019industrie de la nutrition sportive\u00a0<\/strong>en mettant sur le march\u00e9 des formules de qualit\u00e9 extr\u00eame et qui ont permis \u00e0 des millions de bodybuilders de progresser consid\u00e9rablement dans leur sport.<\/p>\n<p>Avec la s\u00e9rie Animal,\u00a0Universal\u00a0nous a d\u2019abord pr\u00e9sent\u00e9 le compl\u00e9ment multivitamin\u00e9s le plus complet du march\u00e9 et aujourd\u2019hui le plus consomm\u00e9 au monde.Universal Nutrition\u00a0vous apporte \u00e0 nouveau les formules les plus compl\u00e8tes du march\u00e9 pour des performances exceptionnelles en salle.<\/p>\n<p><strong>Real Gains<\/strong>\u00a0fait \u00e9galement partie des compl\u00e9ments les plus vendus au monde. Les performances hors du commun des produits Universal repr\u00e9sentent des valeurs s\u00fbres pour les bodybuilders les plus intransigeants avec leur alimentation.<\/p>\n<\/div>\n<\/div>\n<\/div>\n<\/div>\n<div class=\"related products\" data-gridstyle=\"\"><\/div>\n","protected":false},"excerpt":{"rendered":"<p>Double action de la GH : anabolisante et anti-catabolique2 : 1 ratio de arginine \u2013 Ornithine pour booster vos hormones<\/p>\n","protected":false},"featured_media":3126,"comment_status":"open","ping_status":"closed","template":"","meta":[],"product_brand":[],"product_cat":[62],"product_tag":[],"class_list":{"0":"post-2649","1":"product","2":"type-product","3":"status-publish","4":"has-post-thumbnail","6":"product_cat-proteines-produits","8":"first","9":"instock","10":"sale","11":"shipping-taxable","12":"purchasable","13":"product-type-simple"},"jetpack_sharing_enabled":true,"_links":{"self":[{"href":"https:\/\/keroumifitness.ma\/Store\/wp-json\/wp\/v2\/product\/2649","targetHints":{"allow":["GET"]}}],"collection":[{"href":"https:\/\/keroumifitness.ma\/Store\/wp-json\/wp\/v2\/product"}],"about":[{"href":"https:\/\/keroumifitness.ma\/Store\/wp-json\/wp\/v2\/types\/product"}],"replies":[{"embeddable":true,"href":"https:\/\/keroumifitness.ma\/Store\/wp-json\/wp\/v2\/comments?post=2649"}],"wp:featuredmedia":[{"embeddable":true,"href":"https:\/\/keroumifitness.ma\/Store\/wp-json\/wp\/v2\/media\/3126"}],"wp:attachment":[{"href":"https:\/\/keroumifitness.ma\/Store\/wp-json\/wp\/v2\/media?parent=2649"}],"wp:term":[{"taxonomy":"product_brand","embeddable":true,"href":"https:\/\/keroumifitness.ma\/Store\/wp-json\/wp\/v2\/product_brand?post=2649"},{"taxonomy":"product_cat","embeddable":true,"href":"https:\/\/keroumifitness.ma\/Store\/wp-json\/wp\/v2\/product_cat?post=2649"},{"taxonomy":"product_tag","embeddable":true,"href":"https:\/\/keroumifitness.ma\/Store\/wp-json\/wp\/v2\/product_tag?post=2649"}],"curies":[{"name":"wp","href":"https:\/\/api.w.org\/{rel}","templated":true}]}}