{"id":2671,"date":"2022-09-29T22:57:33","date_gmt":"2022-09-29T22:57:33","guid":{"rendered":"https:\/\/keroumifitness.com\/?post_type=product&#038;p=2671"},"modified":"2023-01-24T01:44:57","modified_gmt":"2023-01-24T01:44:57","slug":"platinum-hydro-whey-1640-kg-optimum-nutrition","status":"publish","type":"product","link":"https:\/\/keroumifitness.ma\/Store\/product\/platinum-hydro-whey-1640-kg-optimum-nutrition\/","title":{"rendered":"Platinum Hydro Whey 1,640 Kg &#8211; Optimum Nutrition"},"content":{"rendered":"<p><iframe src=\"https:\/\/www.youtube.com\/embed\/ANipjPzLhys\" width=\"100%\" height=\"480\" frameborder=\"0\" data-mce-fragment=\"1\"><\/iframe><\/p>\n<h2>Pr\u00e9sentation de produit<\/h2>\n<p>Platinum Hydrowhey est une prot\u00e9ine dans sa forme la plus pure. Elle est compos\u00e9e uniquement de prot\u00e9ines de lactos\u00e9rum hydrolys\u00e9es qui ont \u00e9t\u00e9 isol\u00e9es pour \u00e9liminer l&rsquo;exc\u00e8s de lactose, de cholest\u00e9rol, de glucides et de lipides. Le r\u00e9sultat est un produit ultra-pure, rapidement dig\u00e9r\u00e9 pour le renforcement musculaire et la reconstitution des acides amin\u00e9s. 100% des prot\u00e9ines de Platinum Hydrowhey se distingue par sa faible teneur en mati\u00e8re grasse, en cholest\u00e9rol et sans lactose, id\u00e9ale donc pour ceux qui sont sujets aux intol\u00e9rances ! Il est id\u00e9al pour les personnes sous r\u00e9gime ou en p\u00e9riode de s\u00e8che. Gr\u00e2ce \u00e0 sa technique de filtration hydrolys\u00e9e\u00a0\u00a0(s\u00e9paration avec de l&rsquo;eau), la prot\u00e9ine est devis\u00e9 en petits morceaux (fractions de prot\u00e9ine) c&rsquo;est le cas aussi pour acides amin\u00e9s qui sont alors fragment\u00e9es, ce qui permet une absorption rapide, pour une digestion plus rapide et une meilleure assimilation que toutes les autres prot\u00e9ines. Cette formule riche en BCAA lutte contre la d\u00e9gradation musculaire, am\u00e9liorer la r\u00e9cup\u00e9ration et optimiser les s\u00e9ances d&rsquo;entrainement. La prot\u00e9ine Platinum Hydrowhey Optimum\u00a0est\u00a0\u00e9galement une excellente source d&rsquo;\u00e9nergie pour les muscles.<\/p>\n<h2>Utilisation<\/h2>\n<p>M\u00e9langez une dose (30g) de prot\u00e9ine Platinum Hydrowhey \u00e0 200ml d&rsquo;eau ou de lait, \u00e0 prendre 1 \u00e0 3 fois par jour en fonction de vos besoins, en collation ou apr\u00e8s l&rsquo;entra\u00eenement.<\/p>\n<h2>Information nutritionnelle<\/h2>\n<p><img fetchpriority=\"high\" decoding=\"async\" src=\"https:\/\/www.prodietnutrition.ma\/img\/cms\/platinum-hydrowhey_nutrifacts.jpg\" alt=\"Platinum Hydro Whey\" width=\"470\" height=\"470\" \/><\/p>\n","protected":false},"excerpt":{"rendered":"<div class=\"product-reference\"><label class=\"label\">R\u00e9f\u00e9rence:<\/label>\u00a0ONHYDRO2WHE1.590-T<\/div>\n<div class=\"product-information\">\n<div id=\"product-description-short-22\">\n<p>-30g de prot\u00e9ines (hydrolys\u00e9es) par dose<\/p>\n<p>-15,5g d&rsquo;acides amin\u00e9s essentiels dont 8,8g de BCAA<\/p>\n<p>-Pas de lactose<\/p>\n<p>-Contient des enzymes digestives naturelles<\/p>\n<\/div>\n<\/div>\n","protected":false},"featured_media":2672,"comment_status":"open","ping_status":"closed","template":"","meta":[],"product_brand":[],"product_cat":[62],"product_tag":[],"class_list":{"0":"post-2671","1":"product","2":"type-product","3":"status-publish","4":"has-post-thumbnail","6":"product_cat-proteines-produits","8":"first","9":"instock","10":"shipping-taxable","11":"purchasable","12":"product-type-simple"},"jetpack_sharing_enabled":true,"_links":{"self":[{"href":"https:\/\/keroumifitness.ma\/Store\/wp-json\/wp\/v2\/product\/2671","targetHints":{"allow":["GET"]}}],"collection":[{"href":"https:\/\/keroumifitness.ma\/Store\/wp-json\/wp\/v2\/product"}],"about":[{"href":"https:\/\/keroumifitness.ma\/Store\/wp-json\/wp\/v2\/types\/product"}],"replies":[{"embeddable":true,"href":"https:\/\/keroumifitness.ma\/Store\/wp-json\/wp\/v2\/comments?post=2671"}],"wp:featuredmedia":[{"embeddable":true,"href":"https:\/\/keroumifitness.ma\/Store\/wp-json\/wp\/v2\/media\/2672"}],"wp:attachment":[{"href":"https:\/\/keroumifitness.ma\/Store\/wp-json\/wp\/v2\/media?parent=2671"}],"wp:term":[{"taxonomy":"product_brand","embeddable":true,"href":"https:\/\/keroumifitness.ma\/Store\/wp-json\/wp\/v2\/product_brand?post=2671"},{"taxonomy":"product_cat","embeddable":true,"href":"https:\/\/keroumifitness.ma\/Store\/wp-json\/wp\/v2\/product_cat?post=2671"},{"taxonomy":"product_tag","embeddable":true,"href":"https:\/\/keroumifitness.ma\/Store\/wp-json\/wp\/v2\/product_tag?post=2671"}],"curies":[{"name":"wp","href":"https:\/\/api.w.org\/{rel}","templated":true}]}}