{"id":2701,"date":"2022-09-30T01:02:39","date_gmt":"2022-09-30T01:02:39","guid":{"rendered":"https:\/\/keroumifitness.com\/?post_type=product&#038;p=2701"},"modified":"2023-01-29T21:57:34","modified_gmt":"2023-01-29T21:57:34","slug":"masstech-extreme-2000-318kg-muscletech","status":"publish","type":"product","link":"https:\/\/keroumifitness.ma\/Store\/product\/masstech-extreme-2000-318kg-muscletech\/","title":{"rendered":"Masstech Extreme 2000 3,18Kg &#8211; Muscletech"},"content":{"rendered":"<h2>Pr\u00e9sentation de produit<\/h2>\n<p>Mass-Tech Extreme 2000 est une formule de gainer ultra-compl\u00e8te et avanc\u00e9e, fabriqu\u00e9e par la marque MuscleTech. Cette formule tr\u00e8s puissante, a \u00e9t\u00e9 parfaitement dos\u00e9e avec un ratio prot\u00e9ines\/glucides id\u00e9al pour une prise de masse optimale. Ce produit est destin\u00e9 aux personnes d\u00e9butantes comme confirm\u00e9es, souhaitant augmenter de fa\u00e7on rapide leur masse musculaire ou ayant des difficult\u00e9s \u00e0 prendre du poids. Mass-Tech Extreme 2000 est un gainer qui vous fournit une quantit\u00e9 importante d&rsquo;\u00e9nergie sous forme de glucides et de prot\u00e9ines. Pour une demi dose (3 dosettes), nous avons un apport de 915 calories dont 31,5g de prot\u00e9ines \u00e0 digestion rapide (concentr\u00e9 et isolat de whey prot\u00e9ine, prot\u00e9ine whey isolate et whey hydrolys\u00e9e). Nous avons 192g de glucides dont 8,5g de sucres avec un complexe des meilleurs glucides \u00e0 digestion rapide et lente\u00a0 . Mass-Tech contient uniquement des \u00ab bonnes graisses \u00bb riches en Omega 3, pour vous permettre d&rsquo;apporter des graisses saines \u00e0 votre organisme. Nous avons aussi 5g de cr\u00e9atine monohydrate pour augmenter la force et les performances sur des efforts courts et intenses. Les 7g de BCAA, acides amin\u00e9s ramifi\u00e9s (Leucine, Isoleucine et Valine) sont dits essentiels puisqu&rsquo;ils ne peuvent pas \u00eatre synth\u00e9tis\u00e9s seul par l&rsquo;organisme et doivent \u00eatre apport\u00e9s par l&rsquo;alimentation et la suppl\u00e9mentation. Enfin, nous retrouvons 5,2g de L-Glutamine, l&rsquo;acide amin\u00e9 le plus abondant dans l&rsquo;organisme et les muscles.<\/p>\n<h2>Utilisation<\/h2>\n<p>4 prises par jours .M\u00e9langez 1 Scoop avec 250 ml d&rsquo;eau ou de lait \u00e9cr\u00e9m\u00e9 le matin, entre le petit d\u00e9jeuner et le d\u00e9jeuner\u00a0 .1 scoop avant l\u2019entrainement avec 250 ml d&rsquo;eau. , une apr\u00e8s l\u2019entrainement\u00a0 avec 250 ml d&rsquo;eau et une derni\u00e8re scoop avant de dormir avec 250 ml du lait \u00e9cr\u00e9m\u00e9.<\/p>\n<h2>Information nutritionnelle<\/h2>\n<p><img fetchpriority=\"high\" decoding=\"async\" src=\"https:\/\/www.prodietnutrition.ma\/img\/cms\/mass-tech-extreme-2000_nutrifacts.jpg\" alt=\"\" width=\"472\" height=\"786\" \/><\/p>\n","protected":false},"excerpt":{"rendered":"<div class=\"product-reference\"><label class=\"label\">R\u00e9f\u00e9rence:<\/label>\u00a0MTMASEXT3.18KG-CHB<\/div>\n<div class=\"product-information\">\n<div id=\"product-description-short-2\">\n<h2>Points Forts :<\/h2>\n<p>&#8211; 915 calories pour 3 dosettes<\/p>\n<p>&#8211; 31,5g de prot\u00e9ines et 192g de glucides pour 3 dosettes<\/p>\n<p>&#8211; Acc\u00e9l\u00e8re la r\u00e9g\u00e9n\u00e9ration et la r\u00e9cup\u00e9ration musculaire post-entra\u00eenement<\/p>\n<p>&#8211; Riche en BCAA et glutamine<\/p>\n<p>&#8211; Permet d&rsquo;augmenter la force et les performances<\/p>\n<p>&#8211; Go\u00fbts d\u00e9licieux<\/p>\n<p>&#8211; Am\u00e9liore la synth\u00e8se de prot\u00e9ines dans l&rsquo;organisme<\/p>\n<p>&#8211; \u00c9vite le catabolisme musculaire<\/p>\n<\/div>\n<\/div>\n","protected":false},"featured_media":3180,"comment_status":"open","ping_status":"closed","template":"","meta":[],"product_brand":[],"product_cat":[62],"product_tag":[70,71],"class_list":{"0":"post-2701","1":"product","2":"type-product","3":"status-publish","4":"has-post-thumbnail","6":"product_cat-proteines-produits","7":"product_tag-masstech","8":"product_tag-muscletech","10":"first","11":"instock","12":"sale","13":"shipping-taxable","14":"purchasable","15":"product-type-simple"},"jetpack_sharing_enabled":true,"_links":{"self":[{"href":"https:\/\/keroumifitness.ma\/Store\/wp-json\/wp\/v2\/product\/2701","targetHints":{"allow":["GET"]}}],"collection":[{"href":"https:\/\/keroumifitness.ma\/Store\/wp-json\/wp\/v2\/product"}],"about":[{"href":"https:\/\/keroumifitness.ma\/Store\/wp-json\/wp\/v2\/types\/product"}],"replies":[{"embeddable":true,"href":"https:\/\/keroumifitness.ma\/Store\/wp-json\/wp\/v2\/comments?post=2701"}],"wp:featuredmedia":[{"embeddable":true,"href":"https:\/\/keroumifitness.ma\/Store\/wp-json\/wp\/v2\/media\/3180"}],"wp:attachment":[{"href":"https:\/\/keroumifitness.ma\/Store\/wp-json\/wp\/v2\/media?parent=2701"}],"wp:term":[{"taxonomy":"product_brand","embeddable":true,"href":"https:\/\/keroumifitness.ma\/Store\/wp-json\/wp\/v2\/product_brand?post=2701"},{"taxonomy":"product_cat","embeddable":true,"href":"https:\/\/keroumifitness.ma\/Store\/wp-json\/wp\/v2\/product_cat?post=2701"},{"taxonomy":"product_tag","embeddable":true,"href":"https:\/\/keroumifitness.ma\/Store\/wp-json\/wp\/v2\/product_tag?post=2701"}],"curies":[{"name":"wp","href":"https:\/\/api.w.org\/{rel}","templated":true}]}}