{"id":2876,"date":"2022-12-15T18:01:30","date_gmt":"2022-12-15T18:01:30","guid":{"rendered":"https:\/\/keroumifitness.com\/?post_type=product&#038;p=2876"},"modified":"2023-01-20T04:05:49","modified_gmt":"2023-01-20T04:05:49","slug":"pack-de-masse-mass-tech-elite-spark-tesla-shaker","status":"publish","type":"product","link":"https:\/\/keroumifitness.ma\/Store\/product\/pack-de-masse-mass-tech-elite-spark-tesla-shaker\/","title":{"rendered":"PACK DE MASSE Mass-Tech Elite \/ Spark Tesla &#038; Shaker"},"content":{"rendered":"<h2>PACK DE MASSE<\/h2>\n<h4>MASS-TECH ELITE<\/h4>\n<p>Muscletech MASS-TECH ELITE Poids net 7 Lbs (3180g) La nouvelle formule avanc\u00e9e Hard gainer, d\u00e9velopp\u00e9e pour ceux qui ont du mal \u00e0 prendre du volume, ceux qui sont en phase de croissance ou ceux qui veulent briser le plateau !! Les prot\u00e9ines contribuent au maintien et d\u00e9veloppement de la masse musculaire.<\/p>\n<p>Mass Tech Elite contient 10g de cr\u00e9atine monohydrate, ce qui aide \u00e0 augmenter la force et les performances lors d\u2019efforts courts ou intenses. La formule contient des acides amin\u00e9s essentiels (BCAA) et de la L-Glutamine, peremttant une meilleure construction musculaire mais aussi un gain d\u2019\u00e9nergie et d\u2019endurance et une bonne r\u00e9cup\u00e9ration.<\/p>\n<p>La formule contient une enzyme Prohydrolase\u00ae pour une absorption optimale des ingr\u00e9dients du gainer.<\/p>\n<h4 class=\"product_title entry-title\">TESLA | SPARK Pre-workout<\/h4>\n<p>Formule sp\u00e9ciale contenant Beta alanine, complexe A-AKG (L-Arginine, Alpha-c\u00e9toglutarate de calcium), Ar\u00f4mes, Taurine, L-Citrulline DL-Malate (1: 1), Acide (acide citrique), \u00e9mulsifiant (Monost\u00e9arate de glyc\u00e9rol), Caf\u00e9ine anhydre, sulfate d\u2019agmatine, extrait de fruit d\u2019orange am\u00e8re (Citrus aurantium) 100% (normalis\u00e9 \u00e0 5% de syn\u00e9phrine et 35% d\u2019hesp\u00e9ridine), extrait de racine de ginseng de Sib\u00e9rie (Eleutherococcus senticosus) (normalis\u00e9 \u00e0 1% d\u2019\u00e9leutherosides), anti-agglom\u00e9rant (dioxyde de silicium) ), Niacinamide, \u00e9dulcorant (sucralose) et anti-agglom\u00e9rant (phosphate tricalcique).<\/p>\n","protected":false},"excerpt":{"rendered":"<p>PACK DE MASSE MASS-TECH ELITE Muscletech MASS-TECH ELITE Poids net 7 Lbs (3180g) La nouvelle formule avanc\u00e9e Hard gainer, d\u00e9velopp\u00e9e pour ceux qui ont du mal \u00e0 prendre du volume, ceux qui sont en phase de croissance ou ceux qui veulent briser le plateau !! Les prot\u00e9ines contribuent au maintien et d\u00e9veloppement de la masse [&hellip;]<\/p>\n","protected":false},"featured_media":2877,"comment_status":"open","ping_status":"closed","template":"","meta":[],"product_brand":[],"product_cat":[75,62],"product_tag":[],"class_list":{"0":"post-2876","1":"product","2":"type-product","3":"status-publish","4":"has-post-thumbnail","6":"product_cat-packs-motivation","7":"product_cat-proteines-produits","9":"first","10":"outofstock","11":"sale","12":"shipping-taxable","13":"purchasable","14":"product-type-simple"},"jetpack_sharing_enabled":true,"_links":{"self":[{"href":"https:\/\/keroumifitness.ma\/Store\/wp-json\/wp\/v2\/product\/2876","targetHints":{"allow":["GET"]}}],"collection":[{"href":"https:\/\/keroumifitness.ma\/Store\/wp-json\/wp\/v2\/product"}],"about":[{"href":"https:\/\/keroumifitness.ma\/Store\/wp-json\/wp\/v2\/types\/product"}],"replies":[{"embeddable":true,"href":"https:\/\/keroumifitness.ma\/Store\/wp-json\/wp\/v2\/comments?post=2876"}],"wp:featuredmedia":[{"embeddable":true,"href":"https:\/\/keroumifitness.ma\/Store\/wp-json\/wp\/v2\/media\/2877"}],"wp:attachment":[{"href":"https:\/\/keroumifitness.ma\/Store\/wp-json\/wp\/v2\/media?parent=2876"}],"wp:term":[{"taxonomy":"product_brand","embeddable":true,"href":"https:\/\/keroumifitness.ma\/Store\/wp-json\/wp\/v2\/product_brand?post=2876"},{"taxonomy":"product_cat","embeddable":true,"href":"https:\/\/keroumifitness.ma\/Store\/wp-json\/wp\/v2\/product_cat?post=2876"},{"taxonomy":"product_tag","embeddable":true,"href":"https:\/\/keroumifitness.ma\/Store\/wp-json\/wp\/v2\/product_tag?post=2876"}],"curies":[{"name":"wp","href":"https:\/\/api.w.org\/{rel}","templated":true}]}}