{"id":3187,"date":"2023-01-29T22:30:27","date_gmt":"2023-01-29T22:30:27","guid":{"rendered":"https:\/\/keroumifitness.com\/?post_type=product&#038;p=3187"},"modified":"2023-11-20T04:17:21","modified_gmt":"2023-11-20T04:17:21","slug":"pro-6-superior14","status":"publish","type":"product","link":"https:\/\/keroumifitness.ma\/Store\/product\/pro-6-superior14\/","title":{"rendered":"PRO 6 Superior14"},"content":{"rendered":"<h3><strong>PRO 6 Superior14<\/strong><\/h3>\n<p>est un m\u00e9lange de prot\u00e9ines compos\u00e9 de 6 types de sources de prot\u00e9ines de qualit\u00e9 avec des temps d\u2019absorption diff\u00e9rents, ce qui en fait un choix parfait pour un apport constant en prot\u00e9ines et pour d\u00e9velopper des muscles maigres.<\/p>\n<p><strong>instructions<\/strong><br \/>\nM\u00e9langer 1 cuill\u00e8re (38g) avec 300 ml d\u2019eau froide et bien agiter avant consommation. Boire 30 mi avant l\u2019entra\u00eenement ou imm\u00e9diatement apr\u00e8s l\u2019entra\u00eenement, pour des r\u00e9sultats optimaux.<\/p>\n<p><strong>Info allerg\u00e8ne<\/strong><br \/>\nFabriqu\u00e9 dans une installation qui transforme le lait, les \u0153ufs, les arachides, le gluten, les noix et le soja.<\/p>\n<p><strong>Avertissements<\/strong><br \/>\nSi vous utilisez des m\u00e9dicaments ou avez des probl\u00e8mes de sant\u00e9, consultez votre professionnel de la sant\u00e9 avant de les utiliser! Utilisez ce produit en conjonction avec de la nourriture dans le cadre d\u2019une alimentation saine et \u00e9quilibr\u00e9e, et non comme un substitut.<\/p>\n<p>NE PAS D\u00c9PASSER LA POSOLOGIE QUOTIDIENNE RECOMMAND\u00c9E! GARDER HORS DE LA PORT\u00c9E DES ENFANTS!<\/p>\n<p><strong>Taille<\/strong><br \/>\n2270g<\/p>\n<p><strong>Portion<\/strong><br \/>\n1 cuill\u00e8re \u2013 38g<\/p>\n<h2>DIRECTIONS:<\/h2>\n<p>PRO 6 Superior14 As a dietary supplement, take 1 serving daily: on training days consume immediately after your training. On non-training days take one serving on awakening. For maximum results consume 2 servings a day, one an hour or two before training and one immediately after training.<\/p>\n<h3>INGREDIENTS:<\/h3>\n<p><b>Chocolate-Coconut:<\/b> Protein Matrix [Whey Protein Isolate, Hydrolyzed Whey Protein Isolate, Cross-flow &amp; Ultra filtered Whey Protein Concentrate, BCAAs (L-Leucine, L-Valine and L-Isoleucine in free amino acid form)], Low fat cocoa powder (10-12%), emulsifier (sodium carboxy methylcellulose, silicon dioxide), stabilizer (guar gum, potassium phosphate), sweetener (sucralose), aroma (natural and artifical), milk protein, Medium chan tryglicerides (from coconut and palm oil), color (carotene )<\/p>\n<p><b>Vanilla-Banana:<\/b>\u00a0Protein Matrix [Whey Protein Isolate, Hydrolyzed Whey Protein Isolate, Cross-flow ultra filtered Whey Protein Concentrate, BCAAs (L-Leucine, L-Valine and L-Isoleucine in free amino acid form)], acid (citric acid), emulsifier (sodium carboxy methylcellulose, silicon dioxide), stabilizer (guar gum, potassium phosphate), sweetener (sucralose), aroma (natural and artifical), milk protein, Medium chan tryglicerides (from coconut and palm oil), color (Ponceau 4R**, Sunset Yellow FCF**, carotene).<\/p>\n<p><b>WHITE CHOCOLATE-Strawberry:<\/b>\u00a0Protein Matrix [Whey Protein Isolate, Hydrolyzed Whey Protein Isolate, Cross-flow ultra filtered Whey Protein Concentrate, BCAAs (L-Leucine, L-Valine and L-Isoleucine in free amino acid form)], acid (citric acid), emulsifier (sodium carboxy methylcellulose, silicon dioxide), stabilizer (guar gum, potassium phosphate), sweetener (sucralose), aroma (natural and artifical), milk protein, Medium chan tryglicerides (from coconut and palm oil), color (Ponceau 4R*, Sunset Yellow FCF*, carotene).<\/p>\n<p>&nbsp;<\/p>\n","protected":false},"excerpt":{"rendered":"<ul>\n<li><strong>PRO 6 Superior14<\/strong><\/li>\n<li><em>Prot\u00e9ine multi-source pure (6 types de sources de prot\u00e9ines de qualit\u00e9)<br \/>\n<\/em><\/li>\n<li>20 g de prot\u00e9ines par portion \u2013 faible en gras et en sucre<\/li>\n<li>Avec des fibres d\u2019inuline et de seigle enzymatique lactase<\/li>\n<li>Profil complet d\u2019acides amin\u00e9s avec Bcaas et L-glutamine ajout\u00e9<\/li>\n<li>Enrichi en complexe multi-enzymes Digezyme\u00ae et en vitamines<\/li>\n<li>Acc\u00e9l\u00e8re la croissance et la r\u00e9cup\u00e9ration musculaires<\/li>\n<li>Sans gluten<\/li>\n<li>Sans aspartame<\/li>\n<li>D\u00e9licieuses saveurs cr\u00e9meuses et dissolution parfaite<\/li>\n<\/ul>\n","protected":false},"featured_media":3188,"comment_status":"open","ping_status":"closed","template":"","meta":[],"product_brand":[],"product_cat":[62],"product_tag":[],"class_list":{"0":"post-3187","1":"product","2":"type-product","3":"status-publish","4":"has-post-thumbnail","6":"product_cat-proteines-produits","8":"first","9":"instock","10":"sale","11":"shipping-taxable","12":"purchasable","13":"product-type-simple"},"jetpack_sharing_enabled":true,"_links":{"self":[{"href":"https:\/\/keroumifitness.ma\/Store\/wp-json\/wp\/v2\/product\/3187","targetHints":{"allow":["GET"]}}],"collection":[{"href":"https:\/\/keroumifitness.ma\/Store\/wp-json\/wp\/v2\/product"}],"about":[{"href":"https:\/\/keroumifitness.ma\/Store\/wp-json\/wp\/v2\/types\/product"}],"replies":[{"embeddable":true,"href":"https:\/\/keroumifitness.ma\/Store\/wp-json\/wp\/v2\/comments?post=3187"}],"wp:featuredmedia":[{"embeddable":true,"href":"https:\/\/keroumifitness.ma\/Store\/wp-json\/wp\/v2\/media\/3188"}],"wp:attachment":[{"href":"https:\/\/keroumifitness.ma\/Store\/wp-json\/wp\/v2\/media?parent=3187"}],"wp:term":[{"taxonomy":"product_brand","embeddable":true,"href":"https:\/\/keroumifitness.ma\/Store\/wp-json\/wp\/v2\/product_brand?post=3187"},{"taxonomy":"product_cat","embeddable":true,"href":"https:\/\/keroumifitness.ma\/Store\/wp-json\/wp\/v2\/product_cat?post=3187"},{"taxonomy":"product_tag","embeddable":true,"href":"https:\/\/keroumifitness.ma\/Store\/wp-json\/wp\/v2\/product_tag?post=3187"}],"curies":[{"name":"wp","href":"https:\/\/api.w.org\/{rel}","templated":true}]}}