{"id":3396,"date":"2023-11-20T03:26:29","date_gmt":"2023-11-20T03:26:29","guid":{"rendered":"https:\/\/keroumifitness.ma\/Store\/?post_type=product&#038;p=3396"},"modified":"2023-11-20T04:10:05","modified_gmt":"2023-11-20T04:10:05","slug":"ashwagandha-450mg-90-capsules","status":"publish","type":"product","link":"https:\/\/keroumifitness.ma\/Store\/product\/ashwagandha-450mg-90-capsules\/","title":{"rendered":"Ashwagandha 450mg \u2013 90 Capsules"},"content":{"rendered":"<h1>ASHWAGANDHA 450MG \u2013 90 CAPSULES NOW<\/h1>\n<p>L\u2019ashwagandha est une plante couramment utilis\u00e9e dans la m\u00e9decine ayurv\u00e9dique pratiqu\u00e9e en Inde, qui repose sur une utilisation traditionnelle des plantes. L\u2019ashwagandha est utilis\u00e9e comme tonique traditionnel et \u201cadaptog\u00e8ne\u201d, aidant l\u2019organisme \u00e0 s\u2019adapter \u00e0 un niveau normal de stress occasionnel. De plus, des donn\u00e9es pr\u00e9liminaires sugg\u00e8rent que l\u2019ashwagandha favorise la bonne sant\u00e9 du syst\u00e8me immunitaire<\/p>\n<h2>BIENFAITS<\/h2>\n<ul>\n<li>Compl\u00e9ment alimentaire.<\/li>\n<li>Adaptog\u00e8ne ayurv\u00e9dique<\/li>\n<li>Favorise la relaxation et le bien-\u00eatre mental.<\/li>\n<li>Renforce le syst\u00e8me immunitaire.<\/li>\n<li>Contribue \u00e0 l\u2019apparition du sommeil.<\/li>\n<li>Aide l\u2019organisme \u00e0 g\u00e9rer le stress.<\/li>\n<li>Contribue \u00e0 l\u2019\u00e9quilibre \u00e9motionnel et au bien-\u00eatre g\u00e9n\u00e9ral.<\/li>\n<li>Sans OGM<\/li>\n<li>V\u00e9g\u00e9tarien\/Vegan<\/li>\n<li>Casher<\/li>\n<li>Qualit\u00e9 BPF garantie<\/li>\n<\/ul>\n<h2>INGR\u00c9DIENTS<\/h2>\n<p>Ashwagandha 450mg \u2013 90 Capsules<\/p>\n<p>Farine de riz, hypromellose (capsule de cellulose) et acide st\u00e9arique (d\u2019origine v\u00e9g\u00e9tale).<\/p>\n<p>\u00c9labor\u00e9 sans levure, bl\u00e9, gluten, soja, lait, \u0153ufs, poisson, fruits de mer ou fruits \u00e0 coque. Fabriqu\u00e9 dans une installation respectant les BPF et qui traite d\u2019autres ingr\u00e9dients contenant ces allerg\u00e8nes.<\/p>\n<h2>CONSEILS D\u2019UTILISATION<\/h2>\n<p>Prenez 1\u00a0capsule 2 \u00e0 3\u00a0fois par jour.<\/p>\n<h2>PR\u00c9CAUTIONS<\/h2>\n<p>Ne pas d\u00e9passer la dose journali\u00e8re recommand\u00e9e.<\/p>\n","protected":false},"excerpt":{"rendered":"<p>Ashwagandha 450mg \u2013 90 Capsules est une plante couramment utilis\u00e9e dans la m\u00e9decine ayurv\u00e9dique pratiqu\u00e9e en Inde, qui repose sur une utilisation traditionnelle des plantes.<\/p>\n","protected":false},"featured_media":3397,"comment_status":"open","ping_status":"closed","template":"","meta":[],"product_brand":[],"product_cat":[62],"product_tag":[101],"class_list":{"0":"post-3396","1":"product","2":"type-product","3":"status-publish","4":"has-post-thumbnail","6":"product_cat-proteines-produits","7":"product_tag-ashwagandha","9":"first","10":"instock","11":"sale","12":"shipping-taxable","13":"purchasable","14":"product-type-simple"},"jetpack_sharing_enabled":true,"_links":{"self":[{"href":"https:\/\/keroumifitness.ma\/Store\/wp-json\/wp\/v2\/product\/3396","targetHints":{"allow":["GET"]}}],"collection":[{"href":"https:\/\/keroumifitness.ma\/Store\/wp-json\/wp\/v2\/product"}],"about":[{"href":"https:\/\/keroumifitness.ma\/Store\/wp-json\/wp\/v2\/types\/product"}],"replies":[{"embeddable":true,"href":"https:\/\/keroumifitness.ma\/Store\/wp-json\/wp\/v2\/comments?post=3396"}],"wp:featuredmedia":[{"embeddable":true,"href":"https:\/\/keroumifitness.ma\/Store\/wp-json\/wp\/v2\/media\/3397"}],"wp:attachment":[{"href":"https:\/\/keroumifitness.ma\/Store\/wp-json\/wp\/v2\/media?parent=3396"}],"wp:term":[{"taxonomy":"product_brand","embeddable":true,"href":"https:\/\/keroumifitness.ma\/Store\/wp-json\/wp\/v2\/product_brand?post=3396"},{"taxonomy":"product_cat","embeddable":true,"href":"https:\/\/keroumifitness.ma\/Store\/wp-json\/wp\/v2\/product_cat?post=3396"},{"taxonomy":"product_tag","embeddable":true,"href":"https:\/\/keroumifitness.ma\/Store\/wp-json\/wp\/v2\/product_tag?post=3396"}],"curies":[{"name":"wp","href":"https:\/\/api.w.org\/{rel}","templated":true}]}}