{"id":3434,"date":"2023-11-21T03:50:30","date_gmt":"2023-11-21T03:50:30","guid":{"rendered":"https:\/\/keroumifitness.ma\/Store\/?post_type=product&#038;p=3434"},"modified":"2023-11-21T03:50:31","modified_gmt":"2023-11-21T03:50:31","slug":"r1-charged-creatine-30-serving","status":"publish","type":"product","link":"https:\/\/keroumifitness.ma\/Store\/product\/r1-charged-creatine-30-serving\/","title":{"rendered":"R1 Charged Creatine 30 Serving"},"content":{"rendered":"<h1>R1 Charged Creatine 30 servings Rule 1<\/h1>\n<p><strong>R1 Charged Creatine 30 servings<\/strong>\u00a0combine l&rsquo;ingr\u00e9dient le plus largement recherch\u00e9 pour la croissance musculaire, la force et l&rsquo;intensit\u00e9 des muscles, la cr\u00e9atine, avec un m\u00e9lange d&rsquo;extraits concentr\u00e9s de feuilles de th\u00e9, de caf\u00e9 vert, de guarana et de yerba mate pour aider \u00e0 dynamiser l&rsquo;exp\u00e9rience d&rsquo;entra\u00eenement. Chaque portion comprend \u00e9galement un m\u00e9lange d&rsquo;\u00e9lectrolytes de 500 milligrammes pour soutenir l&rsquo;hydratation et reconstituer les min\u00e9raux pr\u00e9cieux perdus par la transpiration. Lorsque vous \u00eates pr\u00eat \u00e0 prendre en charge vos entra\u00eenements de haute intensit\u00e9, prenez\u00a0<strong>R1 Charged Creatine 30 servings<\/strong>.<\/p>\n<h2>BIENFAITS<\/h2>\n<ul>\n<li>5 g de compos\u00e9s de cr\u00e9atine.<\/li>\n<li>3 sources de cr\u00e9atine diff\u00e9rentes.<\/li>\n<li>150 mg de m\u00e9lange \u00e9nerg\u00e9tique \u00e0 base de plantes (th\u00e9, caf\u00e9, guarana, mat\u00e9).<\/li>\n<li>Environ 120 mg de caf\u00e9ine de source naturelle.<\/li>\n<li>M\u00e9lange d&rsquo;\u00e9lectrolytes de 500 mg fournissant du potassium, du sodium, du magn\u00e9sium et du chlorure.<\/li>\n<\/ul>\n<h2>CONSEILS D&rsquo;UTILISATION<\/h2>\n<p>M\u00e9langer 1 cuill\u00e8re avec 6-8 oz.\u00a0de votre boisson froide pr\u00e9f\u00e9r\u00e9e ou de votre poudre prot\u00e9in\u00e9e et consommez avant, pendant ou imm\u00e9diatement apr\u00e8s l&rsquo;entra\u00eenement.<\/p>\n<h6 class=\"no-border\">D\u00e9tails du produit<\/h6>\n<div class=\"col-12 px-0 pb-2 dv_details_pr\">\n<table class=\"details_pr\">\n<tbody>\n<tr class=\"product-expirydate\">\n<td>Expire le<\/td>\n<td><strong>Veuillez faire un choix<\/strong><\/td>\n<\/tr>\n<tr class=\"product-weight\">\n<td>Poids du produit<\/td>\n<td><strong>0.2400<em>\u00a0Kg<\/em><\/strong><\/td>\n<\/tr>\n<tr class=\"product-sku\">\n<td>SKU<\/td>\n<td><strong>8372341087<\/strong><\/td>\n<\/tr>\n<tr class=\"product-reference\">\n<td>Reference<\/td>\n<td><strong>10115322A<\/strong><\/td>\n<\/tr>\n<tr class=\"product-product_gender\">\n<td>Sexe<\/td>\n<td><strong><a href=\"https:\/\/www.hoojan.com\/fr\/catalogsearch\/advanced\/result\/?product_gender=1490\">Femmes<\/a>,\u00a0<a href=\"https:\/\/www.hoojan.com\/fr\/catalogsearch\/advanced\/result\/?product_gender=1491\">Hommes<\/a><\/strong><\/td>\n<\/tr>\n<tr class=\"product-fitness_goal\">\n<td>Objectif Fitness<\/td>\n<td><strong><a href=\"https:\/\/www.hoojan.com\/fr\/catalogsearch\/advanced\/result\/?fitness_goal=1482\">Gain Musculaire<\/a><\/strong><\/td>\n<\/tr>\n<tr class=\"product-placementfield\">\n<td>Emplacement Magasin<\/td>\n<td><strong>Veuillez faire un choix<\/strong><\/td>\n<\/tr>\n<tr>\n<td>Retours et \u00e9changes<\/td>\n<td><img decoding=\"async\" src=\"https:\/\/www.hoojan.com\/skin\/frontend\/smartwave\/shipplo\/images\/products\/returnable.svg\" alt=\"Article retournable\" \/>\u00a0\u00a0<em>Article retournable<\/em><\/td>\n<\/tr>\n<\/tbody>\n<\/table>\n<\/div>\n","protected":false},"excerpt":{"rendered":"<h5 class=\"product_title entry-title\">R1 Charged Creatine 30 Serving<\/h5>\n<ul>\n<li>5 g de compos\u00e9s de cr\u00e9atine<\/li>\n<li>3 sources de cr\u00e9atine diff\u00e9rentes<\/li>\n<li>150 mg Herbal Energy blend (th\u00e9, caf\u00e9, guarana, mat\u00e9) *<\/li>\n<li>Environ 120 mg de caf\u00e9ine (source naturelle)<\/li>\n<li>Z\u00c9RO sucres ajout\u00e9s<\/li>\n<li>Z\u00c9RO Remplisseurs<\/li>\n<li>Z\u00c9RO substances interdites<\/li>\n<\/ul>\n","protected":false},"featured_media":3435,"comment_status":"open","ping_status":"closed","template":"","meta":[],"product_brand":[],"product_cat":[62],"product_tag":[81],"class_list":{"0":"post-3434","1":"product","2":"type-product","3":"status-publish","4":"has-post-thumbnail","6":"product_cat-proteines-produits","7":"product_tag-creatine","9":"first","10":"instock","11":"sale","12":"shipping-taxable","13":"purchasable","14":"product-type-simple"},"jetpack_sharing_enabled":true,"_links":{"self":[{"href":"https:\/\/keroumifitness.ma\/Store\/wp-json\/wp\/v2\/product\/3434","targetHints":{"allow":["GET"]}}],"collection":[{"href":"https:\/\/keroumifitness.ma\/Store\/wp-json\/wp\/v2\/product"}],"about":[{"href":"https:\/\/keroumifitness.ma\/Store\/wp-json\/wp\/v2\/types\/product"}],"replies":[{"embeddable":true,"href":"https:\/\/keroumifitness.ma\/Store\/wp-json\/wp\/v2\/comments?post=3434"}],"wp:featuredmedia":[{"embeddable":true,"href":"https:\/\/keroumifitness.ma\/Store\/wp-json\/wp\/v2\/media\/3435"}],"wp:attachment":[{"href":"https:\/\/keroumifitness.ma\/Store\/wp-json\/wp\/v2\/media?parent=3434"}],"wp:term":[{"taxonomy":"product_brand","embeddable":true,"href":"https:\/\/keroumifitness.ma\/Store\/wp-json\/wp\/v2\/product_brand?post=3434"},{"taxonomy":"product_cat","embeddable":true,"href":"https:\/\/keroumifitness.ma\/Store\/wp-json\/wp\/v2\/product_cat?post=3434"},{"taxonomy":"product_tag","embeddable":true,"href":"https:\/\/keroumifitness.ma\/Store\/wp-json\/wp\/v2\/product_tag?post=3434"}],"curies":[{"name":"wp","href":"https:\/\/api.w.org\/{rel}","templated":true}]}}