{"id":3540,"date":"2024-12-11T00:53:14","date_gmt":"2024-12-11T00:53:14","guid":{"rendered":"https:\/\/keroumifitness.ma\/Store\/?post_type=product&#038;p=3540"},"modified":"2024-12-11T01:38:26","modified_gmt":"2024-12-11T01:38:26","slug":"bcaa-211-tesla","status":"publish","type":"product","link":"https:\/\/keroumifitness.ma\/Store\/product\/bcaa-211-tesla\/","title":{"rendered":"BCAA 2:1:1 TESLA"},"content":{"rendered":"<p>tesla-bcaa- Ce suppl\u00e9ment BCAA 2:1:1 de Tesla Nutrition est facile \u00e0 ing\u00e9rer. Il suffit de le m\u00e9langer avec la quantit\u00e9 id\u00e9ale d\u2019eau, et de le prendre de pr\u00e9f\u00e9rence avant ou apr\u00e8s l\u2019entra\u00eenement.<\/p>\n<p>Les BCAA sont encore plus importants si vous \u00eates un passionn\u00e9 de fitness, car plus vous vous entra\u00eenez et poussez votre corps pour obtenir des r\u00e9sultats, plus il aura besoin de nutriments \u00e0 son tour. Il s\u2019agit d\u2019un excellent compl\u00e9ment pour les personnes qui s\u2019efforcent de maintenir un rythme d\u2019entra\u00eenement constant et d\u2019obtenir une croissance musculaire r\u00e9guli\u00e8re.<\/p>\n<p>MODE D\u2019EMPLOI: M\u00e9langez 1 cuill\u00e8re (6 g) avec 300 ml d\u2019eau et buvez avant, pendant ou juste apr\u00e8s l\u2019entra\u00eenement.<\/p>\n<p>RENSEIGNEMENTS SUR LES ALLERG\u00c8NES: Fabriqu\u00e9 dans une installation qui transforme le lait, les \u0153ufs, les arachides, le gluten, les noix et le soja.<\/p>\n<p>AVERTISSEMENTS: Si vous utilisez des m\u00e9dicaments ou avez des probl\u00e8mes de sant\u00e9, consultez votre professionnel de la sant\u00e9 avant utilisation! Utilisez ce produit en conjonction avec de la nourriture dans le cadre d\u2019une alimentation saine et \u00e9quilibr\u00e9e, et non comme un substitut.<\/p>\n<p>NE PAS D\u00c9PASSER LA POSOLOGIE QUOTIDIENNE RECOMMAND\u00c9E! GARDER HORS DE LA PORT\u00c9E DES ENFANTS!<\/p>\n<p>CONDITIONS DE STOCKAGE: Conserver le flacon bien ferm\u00e9 entre 5 et 30 \u00b0 C. Tenir \u00e0 l\u2019\u00e9cart de la chaleur directe, de l\u2019humidit\u00e9 et de la lumi\u00e8re du soleil. Apr\u00e8s ouverture, ne stockez pas le produit plus de 2 mois.<\/p>\n","protected":false},"excerpt":{"rendered":"<div class=\"woocommerce-product-details__short-description\">\n<p>Ce suppl\u00e9ment est destin\u00e9 aux personnes actives qui m\u00e8nent une vie active. Ces sont les acides amin\u00e9s les plus impliqu\u00e9s dans la synth\u00e8se de nombreuses prot\u00e9ines musculaires et favorisent la croissance et le maintien des muscles.<\/p>\n<\/div>\n","protected":false},"featured_media":3544,"comment_status":"open","ping_status":"closed","template":"","meta":[],"product_brand":[],"product_cat":[62],"product_tag":[],"class_list":{"0":"post-3540","1":"product","2":"type-product","3":"status-publish","4":"has-post-thumbnail","6":"product_cat-proteines-produits","8":"first","9":"instock","10":"sale","11":"shipping-taxable","12":"purchasable","13":"product-type-simple"},"jetpack_sharing_enabled":true,"_links":{"self":[{"href":"https:\/\/keroumifitness.ma\/Store\/wp-json\/wp\/v2\/product\/3540","targetHints":{"allow":["GET"]}}],"collection":[{"href":"https:\/\/keroumifitness.ma\/Store\/wp-json\/wp\/v2\/product"}],"about":[{"href":"https:\/\/keroumifitness.ma\/Store\/wp-json\/wp\/v2\/types\/product"}],"replies":[{"embeddable":true,"href":"https:\/\/keroumifitness.ma\/Store\/wp-json\/wp\/v2\/comments?post=3540"}],"wp:featuredmedia":[{"embeddable":true,"href":"https:\/\/keroumifitness.ma\/Store\/wp-json\/wp\/v2\/media\/3544"}],"wp:attachment":[{"href":"https:\/\/keroumifitness.ma\/Store\/wp-json\/wp\/v2\/media?parent=3540"}],"wp:term":[{"taxonomy":"product_brand","embeddable":true,"href":"https:\/\/keroumifitness.ma\/Store\/wp-json\/wp\/v2\/product_brand?post=3540"},{"taxonomy":"product_cat","embeddable":true,"href":"https:\/\/keroumifitness.ma\/Store\/wp-json\/wp\/v2\/product_cat?post=3540"},{"taxonomy":"product_tag","embeddable":true,"href":"https:\/\/keroumifitness.ma\/Store\/wp-json\/wp\/v2\/product_tag?post=3540"}],"curies":[{"name":"wp","href":"https:\/\/api.w.org\/{rel}","templated":true}]}}