{"id":3542,"date":"2024-12-11T01:04:15","date_gmt":"2024-12-11T01:04:15","guid":{"rendered":"https:\/\/keroumifitness.ma\/Store\/?post_type=product&#038;p=3542"},"modified":"2024-12-11T01:39:31","modified_gmt":"2024-12-11T01:39:31","slug":"bcaa-nano-420g","status":"publish","type":"product","link":"https:\/\/keroumifitness.ma\/Store\/product\/bcaa-nano-420g\/","title":{"rendered":"BCAA NANO 420G"},"content":{"rendered":"<div id=\"sns_tab_informations\" class=\"product-collateral clearfix\">\n<div class=\"tab-content\">\n<div id=\"tab-description\" class=\"tab-pane fade active in\">\n<p><span class=\"HwtZe\" lang=\"fr\"><span class=\"jCAhz JxVs2d ChMk0b\"><span class=\"ryNqvb\">INGR\u00c9DIENTS\u00a0: ACIDES AMIN\u00c9S \u00c0 CHA\u00ceNE RAMIFI\u00c9E NANO-SYN\u2122\u00a0: L-LEUCINE, L-ISOLEUCINE, L-VALINE DANS UN RATIO 2:1:1, M\u00c9LANGE DE C\u00c9TO-\u00c9LECTROLYTES NANO-SYN\u2122 [OXYDE DE MAGN\u00c9SIUM 180 mg \/ PORTION, CALCI-K\u00ae<\/span><\/span>\u00a0<span class=\"jCAhz JxVs2d ChMk0b\"><span class=\"ryNqvb\">CITRATE DE CALCIUM-POTASSIUM PHOSPHATE 200 mg \/ PORTION (PHOSPHORE 19,3 mg, CALCIUM 39,36 mg, POTASSIUM 33,78 mg), IODURE DE POTASSIUM 160 mg \/ PORTION, CHLORURE DE SODIUM 180 mg \/ PORTION], ACIDE (ACIDE CITRIQUE),<\/span><\/span>\u00a0<span class=\"jCAhz JxVs2d ChMk0b\"><span class=\"ryNqvb\">AR\u00d4MES, \u00c9DULCORANT (GLYCOSIDES DE STEVIA).\u00a0<\/span><\/span><span class=\"jCAhz JxVs2d ChMk0b\"><span class=\"ryNqvb\">INFORMATIONS ALLERG\u00c8NES\u00a0: FABRIQU\u00c9 DANS UNE INSTALLATION UTILISANT DU SOJA, DES \u0152UFS ET DES NOIX.\u00a0<\/span><\/span><span class=\"jCAhz JxVs2d ChMk0b\"><span class=\"ryNqvb\">MODE D\u2019EMPLOI\u00a0: M\u00c9LANGER 1 PORTION (2 CUILL\u00c8RES) AVEC 300 \u00c0 500 ml D\u2019EAU FROIDE, PRENDRE 2 PORTIONS ENTRE LES REPAS, AVANT, PENDANT OU APR\u00c8S VOTRE ENTRA\u00ceNEMENT OU \u00c0 TOUT MOMENT QUE VOUS VOULEZ.<\/span><\/span><\/span><\/p>\n<\/div>\n<\/div>\n<\/div>\n<div class=\"related products\" data-gridstyle=\"\"><\/div>\n","protected":false},"excerpt":{"rendered":"<p>9 ACIDES AMIN\u00c9S \u00c0 CHA\u00ceNE RAMIFI\u00c9E \u00c0 SAVEUR \u00c9PIQUE DIFF\u00c9RENTS CONTENANT DES DENR\u00c9ES ALIMENTAIRES DESTIN\u00c9ES \u00c0 R\u00c9PONDRE \u00c0 LA D\u00c9PENSE D\u2019UN EFFORT MUSCULAIRE INTENSE, NOTAMMENT POUR LES ATHL\u00c8TES, AVEC \u00c9DULCORANT.<\/p>\n","protected":false},"featured_media":3546,"comment_status":"open","ping_status":"closed","template":"","meta":[],"product_brand":[],"product_cat":[62],"product_tag":[],"class_list":{"0":"post-3542","1":"product","2":"type-product","3":"status-publish","4":"has-post-thumbnail","6":"product_cat-proteines-produits","8":"first","9":"instock","10":"sale","11":"shipping-taxable","12":"purchasable","13":"product-type-simple"},"jetpack_sharing_enabled":true,"_links":{"self":[{"href":"https:\/\/keroumifitness.ma\/Store\/wp-json\/wp\/v2\/product\/3542","targetHints":{"allow":["GET"]}}],"collection":[{"href":"https:\/\/keroumifitness.ma\/Store\/wp-json\/wp\/v2\/product"}],"about":[{"href":"https:\/\/keroumifitness.ma\/Store\/wp-json\/wp\/v2\/types\/product"}],"replies":[{"embeddable":true,"href":"https:\/\/keroumifitness.ma\/Store\/wp-json\/wp\/v2\/comments?post=3542"}],"wp:featuredmedia":[{"embeddable":true,"href":"https:\/\/keroumifitness.ma\/Store\/wp-json\/wp\/v2\/media\/3546"}],"wp:attachment":[{"href":"https:\/\/keroumifitness.ma\/Store\/wp-json\/wp\/v2\/media?parent=3542"}],"wp:term":[{"taxonomy":"product_brand","embeddable":true,"href":"https:\/\/keroumifitness.ma\/Store\/wp-json\/wp\/v2\/product_brand?post=3542"},{"taxonomy":"product_cat","embeddable":true,"href":"https:\/\/keroumifitness.ma\/Store\/wp-json\/wp\/v2\/product_cat?post=3542"},{"taxonomy":"product_tag","embeddable":true,"href":"https:\/\/keroumifitness.ma\/Store\/wp-json\/wp\/v2\/product_tag?post=3542"}],"curies":[{"name":"wp","href":"https:\/\/api.w.org\/{rel}","templated":true}]}}